{"id":174,"date":"2022-11-03T12:37:41","date_gmt":"2022-11-03T10:37:41","guid":{"rendered":"https:\/\/proreilumpiyhteiskunta.fi\/?page_id=174"},"modified":"2023-03-06T07:59:34","modified_gmt":"2023-03-06T05:59:34","slug":"etusivu","status":"publish","type":"page","link":"https:\/\/proreilumpiyhteiskunta.fi\/sv\/","title":{"rendered":"F\u00f6rstasida"},"content":{"rendered":"\n<section id=\"acf-block-69f09a0c10c4d\" class=\"block block-hero container-fluid \">\n    <div class=\"container\">\n        <div class=\"row\">\n            <div class=\"col-12 block-hero__container\">\n                <div class=\"col-12  col-lg-5 entry-content\">\n                    <div class=\"acf-innerblocks-container\">\n\n<h1 class=\"wp-block-heading\">Ett r\u00e4ttvist arbetsliv garanterar en fungerande marknadsekonomi<\/h1>\n\n\n\n<p>Finland \u00e4r ett nordiskt v\u00e4lf\u00e4rdssamh\u00e4lle. M\u00e5let \u00e4r en balans mellan r\u00e4ttigheter och skyldigheter samt lika m\u00f6jligheter och \u00e5siktsfrihet. H\u00e4r har var och en exempelvis r\u00e4tt till arbete och aktivitet samt att delta i samh\u00e4llet och det demokratiska beslutsfattandet.<\/p>\n\n\n\n<p>Frihet inneb\u00e4r en m\u00f6jlighet f\u00f6r m\u00e4nniskan att f\u00f6rverkliga sig sj\u00e4lv. Men det f\u00e5r inte vara enbart de starkas frihet. Ingen har r\u00e4tt att handla p\u00e5 andras bekostnad.<\/p>\n\n\n\n<p>Pengar \u00e4r en bra dr\u00e4ng, men en d\u00e5lig husbonde. Finansieringen av det nordiska v\u00e4lf\u00e4rdssamh\u00e4llet kr\u00e4ver en fungerande marknadsekonomi. Den senare betyder mer \u00e4n bara h\u00f6g produktivitet och syssels\u00e4ttning. Den omfattar ocks\u00e5 att marknaden och arbetslivet fungerar enligt r\u00e4ttvisa spelregler.<\/p>\n\n\n\n<p>F\u00f6reningen Pro r\u00e4ttvisare samh\u00e4lle har grundats f\u00f6r att fr\u00e4mja en god och fungerande marknadsekonomi. F\u00f6reningens m\u00e5l \u00e4r ocks\u00e5 att fr\u00e4mja demokratin i det politiska beslutsfattandet bland annat genom att \u00f6ka \u00f6ppenheten i valfinansieringen.<\/p>\n\n\n\n<div class=\"wp-block-buttons is-layout-flex wp-block-buttons-is-layout-flex\">\n<div class=\"wp-block-button\"><a class=\"wp-block-button__link wp-element-button\" href=\"\/sv\/sok-finansiering-for-ditt-valarbete\/\">Ans\u00f6kningstiden \u00e4r slut<\/a><\/div>\n\n\n\n<div class=\"wp-block-button\"><a class=\"wp-block-button__link wp-element-button\" href=\"\/sv\/information-om-foreningen\/\">Bekanta dig med f\u00f6reningens verksamhet<\/a><\/div>\n<\/div>\n\n<\/div>\n                <\/div>\n                <div class=\"block-hero__img col-12 col-md-6 col-xl-7\">\n                    <img decoding=\"async\" src=\"https:\/\/proreilumpiyhteiskunta.fi\/wp-content\/uploads\/2022\/11\/Screenshot-2022-11-03-at-13.25.12.png\" alt=\"\" \/>\n                <\/div>\n            <\/div>\n        <\/div>\n    <\/div>\n<\/section>","protected":false},"excerpt":{"rendered":"","protected":false},"author":1,"featured_media":0,"parent":0,"menu_order":0,"comment_status":"closed","ping_status":"closed","template":"","meta":{"footnotes":""},"class_list":["post-174","page","type-page","status-publish","hentry"],"acf":[],"yoast_head":"<!-- This site is optimized with the Yoast SEO plugin v23.3 - https:\/\/yoast.com\/wordpress\/plugins\/seo\/ -->\n<title>F\u00f6rstasida - Pro R\u00e4ttvisare Samh\u00e4lle<\/title>\n<meta name=\"description\" content=\"F\u00f6reningen Pro r\u00e4ttvisare samh\u00e4lle har grundats f\u00f6r att fr\u00e4mja en god och fungerande marknadsekonomi. F\u00f6reningens m\u00e5l \u00e4r ocks\u00e5 att fr\u00e4mja demokratin i det politiska beslutsfattandet bland annat genom att \u00f6ka \u00f6ppenheten i valfinansieringen.\" \/>\n<meta name=\"robots\" content=\"index, follow, max-snippet:-1, max-image-preview:large, max-video-preview:-1\" \/>\n<link rel=\"canonical\" href=\"https:\/\/proreilumpiyhteiskunta.fi\/sv\/\" \/>\n<meta property=\"og:locale\" content=\"sv_SE\" \/>\n<meta property=\"og:type\" content=\"article\" \/>\n<meta property=\"og:title\" content=\"F\u00f6rstasida - Pro R\u00e4ttvisare Samh\u00e4lle\" \/>\n<meta property=\"og:description\" content=\"F\u00f6reningen Pro r\u00e4ttvisare samh\u00e4lle har grundats f\u00f6r att fr\u00e4mja en god och fungerande marknadsekonomi. F\u00f6reningens m\u00e5l \u00e4r ocks\u00e5 att fr\u00e4mja demokratin i det politiska beslutsfattandet bland annat genom att \u00f6ka \u00f6ppenheten i valfinansieringen.\" \/>\n<meta property=\"og:url\" content=\"https:\/\/proreilumpiyhteiskunta.fi\/sv\/\" \/>\n<meta property=\"og:site_name\" content=\"Pro R\u00e4ttvisare Samh\u00e4lle\" \/>\n<meta property=\"article:modified_time\" content=\"2023-03-06T05:59:34+00:00\" \/>\n<meta property=\"og:image\" content=\"https:\/\/proreilumpiyhteiskunta.fi\/wp-content\/uploads\/2022\/12\/pro-reilumpi-yhteiskunta-social-share-1600x900-1.jpg\" \/>\n\t<meta property=\"og:image:width\" content=\"1600\" \/>\n\t<meta property=\"og:image:height\" content=\"900\" \/>\n\t<meta property=\"og:image:type\" content=\"image\/jpeg\" \/>\n<meta name=\"twitter:card\" content=\"summary_large_image\" \/>\n<meta name=\"twitter:image\" content=\"https:\/\/proreilumpiyhteiskunta.fi\/wp-content\/uploads\/2022\/12\/pro-reilumpi-yhteiskunta-social-share-1600x900-1.jpg\" \/>\n<meta name=\"twitter:label1\" content=\"Ber\u00e4knad l\u00e4stid\" \/>\n\t<meta name=\"twitter:data1\" content=\"1 minut\" \/>\n<script type=\"application\/ld+json\" class=\"yoast-schema-graph\">{\"@context\":\"https:\/\/schema.org\",\"@graph\":[{\"@type\":\"WebPage\",\"@id\":\"https:\/\/proreilumpiyhteiskunta.fi\/sv\/\",\"url\":\"https:\/\/proreilumpiyhteiskunta.fi\/sv\/\",\"name\":\"F\u00f6rstasida - Pro R\u00e4ttvisare Samh\u00e4lle\",\"isPartOf\":{\"@id\":\"https:\/\/proreilumpiyhteiskunta.fi\/#website\"},\"datePublished\":\"2022-11-03T10:37:41+00:00\",\"dateModified\":\"2023-03-06T05:59:34+00:00\",\"description\":\"F\u00f6reningen Pro r\u00e4ttvisare samh\u00e4lle har grundats f\u00f6r att fr\u00e4mja en god och fungerande marknadsekonomi. F\u00f6reningens m\u00e5l \u00e4r ocks\u00e5 att fr\u00e4mja demokratin i det politiska beslutsfattandet bland annat genom att \u00f6ka \u00f6ppenheten i valfinansieringen.\",\"breadcrumb\":{\"@id\":\"https:\/\/proreilumpiyhteiskunta.fi\/sv\/#breadcrumb\"},\"inLanguage\":\"sv-SE\",\"potentialAction\":[{\"@type\":\"ReadAction\",\"target\":[\"https:\/\/proreilumpiyhteiskunta.fi\/sv\/\"]}]},{\"@type\":\"BreadcrumbList\",\"@id\":\"https:\/\/proreilumpiyhteiskunta.fi\/sv\/#breadcrumb\",\"itemListElement\":[{\"@type\":\"ListItem\",\"position\":1,\"name\":\"Home\",\"item\":\"https:\/\/proreilumpiyhteiskunta.fi\/sv\/\"},{\"@type\":\"ListItem\",\"position\":2,\"name\":\"F\u00f6rstasida\"}]},{\"@type\":\"WebSite\",\"@id\":\"https:\/\/proreilumpiyhteiskunta.fi\/#website\",\"url\":\"https:\/\/proreilumpiyhteiskunta.fi\/\",\"name\":\"Pro R\u00e4ttvisare Samh\u00e4lle\",\"description\":\"Pro R\u00e4ttvisare Samh\u00e4lle\",\"potentialAction\":[{\"@type\":\"SearchAction\",\"target\":{\"@type\":\"EntryPoint\",\"urlTemplate\":\"https:\/\/proreilumpiyhteiskunta.fi\/?s={search_term_string}\"},\"query-input\":\"required name=search_term_string\"}],\"inLanguage\":\"sv-SE\"}]}<\/script>\n<!-- \/ Yoast SEO plugin. -->","yoast_head_json":{"title":"F\u00f6rstasida - Pro R\u00e4ttvisare Samh\u00e4lle","description":"F\u00f6reningen Pro r\u00e4ttvisare samh\u00e4lle har grundats f\u00f6r att fr\u00e4mja en god och fungerande marknadsekonomi. F\u00f6reningens m\u00e5l \u00e4r ocks\u00e5 att fr\u00e4mja demokratin i det politiska beslutsfattandet bland annat genom att \u00f6ka \u00f6ppenheten i valfinansieringen.","robots":{"index":"index","follow":"follow","max-snippet":"max-snippet:-1","max-image-preview":"max-image-preview:large","max-video-preview":"max-video-preview:-1"},"canonical":"https:\/\/proreilumpiyhteiskunta.fi\/sv\/","og_locale":"sv_SE","og_type":"article","og_title":"F\u00f6rstasida - Pro R\u00e4ttvisare Samh\u00e4lle","og_description":"F\u00f6reningen Pro r\u00e4ttvisare samh\u00e4lle har grundats f\u00f6r att fr\u00e4mja en god och fungerande marknadsekonomi. F\u00f6reningens m\u00e5l \u00e4r ocks\u00e5 att fr\u00e4mja demokratin i det politiska beslutsfattandet bland annat genom att \u00f6ka \u00f6ppenheten i valfinansieringen.","og_url":"https:\/\/proreilumpiyhteiskunta.fi\/sv\/","og_site_name":"Pro R\u00e4ttvisare Samh\u00e4lle","article_modified_time":"2023-03-06T05:59:34+00:00","og_image":[{"width":1600,"height":900,"url":"https:\/\/proreilumpiyhteiskunta.fi\/wp-content\/uploads\/2022\/12\/pro-reilumpi-yhteiskunta-social-share-1600x900-1.jpg","type":"image\/jpeg"}],"twitter_card":"summary_large_image","twitter_image":"https:\/\/proreilumpiyhteiskunta.fi\/wp-content\/uploads\/2022\/12\/pro-reilumpi-yhteiskunta-social-share-1600x900-1.jpg","twitter_misc":{"Ber\u00e4knad l\u00e4stid":"1 minut"},"schema":{"@context":"https:\/\/schema.org","@graph":[{"@type":"WebPage","@id":"https:\/\/proreilumpiyhteiskunta.fi\/sv\/","url":"https:\/\/proreilumpiyhteiskunta.fi\/sv\/","name":"F\u00f6rstasida - Pro R\u00e4ttvisare Samh\u00e4lle","isPartOf":{"@id":"https:\/\/proreilumpiyhteiskunta.fi\/#website"},"datePublished":"2022-11-03T10:37:41+00:00","dateModified":"2023-03-06T05:59:34+00:00","description":"F\u00f6reningen Pro r\u00e4ttvisare samh\u00e4lle har grundats f\u00f6r att fr\u00e4mja en god och fungerande marknadsekonomi. F\u00f6reningens m\u00e5l \u00e4r ocks\u00e5 att fr\u00e4mja demokratin i det politiska beslutsfattandet bland annat genom att \u00f6ka \u00f6ppenheten i valfinansieringen.","breadcrumb":{"@id":"https:\/\/proreilumpiyhteiskunta.fi\/sv\/#breadcrumb"},"inLanguage":"sv-SE","potentialAction":[{"@type":"ReadAction","target":["https:\/\/proreilumpiyhteiskunta.fi\/sv\/"]}]},{"@type":"BreadcrumbList","@id":"https:\/\/proreilumpiyhteiskunta.fi\/sv\/#breadcrumb","itemListElement":[{"@type":"ListItem","position":1,"name":"Home","item":"https:\/\/proreilumpiyhteiskunta.fi\/sv\/"},{"@type":"ListItem","position":2,"name":"F\u00f6rstasida"}]},{"@type":"WebSite","@id":"https:\/\/proreilumpiyhteiskunta.fi\/#website","url":"https:\/\/proreilumpiyhteiskunta.fi\/","name":"Pro R\u00e4ttvisare Samh\u00e4lle","description":"Pro R\u00e4ttvisare Samh\u00e4lle","potentialAction":[{"@type":"SearchAction","target":{"@type":"EntryPoint","urlTemplate":"https:\/\/proreilumpiyhteiskunta.fi\/?s={search_term_string}"},"query-input":"required name=search_term_string"}],"inLanguage":"sv-SE"}]}},"_links":{"self":[{"href":"https:\/\/proreilumpiyhteiskunta.fi\/sv\/wp-json\/wp\/v2\/pages\/174","targetHints":{"allow":["GET"]}}],"collection":[{"href":"https:\/\/proreilumpiyhteiskunta.fi\/sv\/wp-json\/wp\/v2\/pages"}],"about":[{"href":"https:\/\/proreilumpiyhteiskunta.fi\/sv\/wp-json\/wp\/v2\/types\/page"}],"author":[{"embeddable":true,"href":"https:\/\/proreilumpiyhteiskunta.fi\/sv\/wp-json\/wp\/v2\/users\/1"}],"replies":[{"embeddable":true,"href":"https:\/\/proreilumpiyhteiskunta.fi\/sv\/wp-json\/wp\/v2\/comments?post=174"}],"version-history":[{"count":6,"href":"https:\/\/proreilumpiyhteiskunta.fi\/sv\/wp-json\/wp\/v2\/pages\/174\/revisions"}],"predecessor-version":[{"id":418,"href":"https:\/\/proreilumpiyhteiskunta.fi\/sv\/wp-json\/wp\/v2\/pages\/174\/revisions\/418"}],"wp:attachment":[{"href":"https:\/\/proreilumpiyhteiskunta.fi\/sv\/wp-json\/wp\/v2\/media?parent=174"}],"curies":[{"name":"wp","href":"https:\/\/api.w.org\/{rel}","templated":true}]}}